{"id":69,"date":"2024-11-27T14:45:38","date_gmt":"2024-11-27T13:45:38","guid":{"rendered":"http:\/\/juevesdejazz.com\/?page_id=69"},"modified":"2024-12-02T18:11:50","modified_gmt":"2024-12-02T17:11:50","slug":"jazz-intercontinental-2","status":"publish","type":"page","link":"https:\/\/juevesdejazz.com\/?page_id=69","title":{"rendered":"Jazz Intercontinental"},"content":{"rendered":"\n<figure class=\"wp-block-image size-full\"><img loading=\"lazy\" decoding=\"async\" width=\"900\" height=\"700\" src=\"http:\/\/juevesdejazz.com\/wp-content\/uploads\/2024\/11\/Logo-JazzIntercontinental.jpg\" alt=\"\" class=\"wp-image-83\" srcset=\"https:\/\/juevesdejazz.com\/wp-content\/uploads\/2024\/11\/Logo-JazzIntercontinental.jpg 900w, https:\/\/juevesdejazz.com\/wp-content\/uploads\/2024\/11\/Logo-JazzIntercontinental-300x233.jpg 300w, https:\/\/juevesdejazz.com\/wp-content\/uploads\/2024\/11\/Logo-JazzIntercontinental-768x597.jpg 768w\" sizes=\"auto, (max-width: 900px) 100vw, 900px\" \/><\/figure>\n\n\n\n<p class=\"has-medium-font-size\" style=\"text-transform:none\">Jazz Intercontinental \u2026 Jazz du monde chez Radio Campus<br><br>Jazz Intercontinental est une \u00e9mission du jazz contemporaine cr\u00e9e dans les 5 Continents.<br><br>Diffus\u00e9e en direct de Bruxelles tous les premiers lundis du mois \u00e0 19h00 CET<br>sur Radio Campus 92.1 fm<\/p>\n\n\n\n<p><a href=\"https:\/\/www.radiocampus.be\/jazz-intercontinental\/\" data-type=\"link\" data-id=\"https:\/\/www.radiocampus.be\/jazz-intercontinental\/\">www.radiocampus.be<\/a><\/p>\n\n\n\n<p class=\"has-medium-font-size\" style=\"text-transform:none\"><br>Une \u00e9mission produit et anim\u00e9e par Federico Garcia.<\/p>\n\n\n\n<p class=\"has-medium-font-size\" style=\"text-transform:none\"><br>Jazz Intercontinental\u2026 un voyage musical \u00e0 travers le monde du jazz <br>en passant par diff\u00e9rent modalismes du cet magnifique genre musicale:<br><br>Jazz Nordique, <br>Jazz Europ\u00e9en (Jazz Autrichien, Jazz Belge, Jazz des Iles Canaries, Jazz Catalan, <br>Jazz Finlandais, Jazz Fran\u00e7ais, Jazz Roumain, Jazz N\u00e9erlandais, Jazz Allemand, Jazz Italien, etc.), <br>Jazz Latino-am\u00e9ricain (Mexicain, Chilien, Argentin, brezilien, etc.)<br>Jazz Africain, <br>Jazz Japonais,<br>Jazz Australien, <br>Jazz N\u00e9o-z\u00e9landais, <br>Latin Jazz,<br>Tango Jazz, <br>Jazz exp\u00e9rimental, <br>Flamenco Jazz, <br>Free Jazz\u2026.<br><br>Jazz du Monde chez Radio Campus!<\/p>\n\n\n\n<p class=\"has-medium-font-size\" style=\"text-transform:none\"><br>Si vous \u00e9coutez \u00e0 la maison ou dans votre bureau il suffit de s\u2019installer<br>confortablement avec sa boisson pr\u00e9f\u00e9r\u00e9e et pr\u00e9parez vos oreilles pour se lancer dans les nuages et d\u00e9marrer un magique voyage sonore sans fronti\u00e8res dans le fantastique monde du Jazz, du Jazz peu connu,  du jazz pas commercial\u2026 du Jazz D\u00e9licieux!<\/p>\n\n\n\n<p>Podcasts @ Mixcloud: <a rel=\"noreferrer noopener\" href=\"https:\/\/www.mixcloud.com\/JAZZloves\/\" target=\"_blank\">https:\/\/www.mixcloud.com\/JAZZloves\/<\/a><\/p>\n","protected":false},"excerpt":{"rendered":"<p>Jazz Intercontinental \u2026 Jazz du monde chez Radio Campus Jazz Intercontinental est une \u00e9mission du jazz contemporaine cr\u00e9e dans les 5 Continents. Diffus\u00e9e en direct de Bruxelles tous les premiers lundis du mois \u00e0 19h00 CETsur Radio Campus 92.1 fm www.radiocampus.be Une \u00e9mission produit et anim\u00e9e par Federico Garcia. Jazz Intercontinental\u2026 un voyage musical \u00e0 [&hellip;]<\/p>\n","protected":false},"author":1,"featured_media":0,"parent":0,"menu_order":0,"comment_status":"closed","ping_status":"closed","template":"","meta":{"footnotes":""},"class_list":["post-69","page","type-page","status-publish","hentry"],"_links":{"self":[{"href":"https:\/\/juevesdejazz.com\/index.php?rest_route=\/wp\/v2\/pages\/69","targetHints":{"allow":["GET"]}}],"collection":[{"href":"https:\/\/juevesdejazz.com\/index.php?rest_route=\/wp\/v2\/pages"}],"about":[{"href":"https:\/\/juevesdejazz.com\/index.php?rest_route=\/wp\/v2\/types\/page"}],"author":[{"embeddable":true,"href":"https:\/\/juevesdejazz.com\/index.php?rest_route=\/wp\/v2\/users\/1"}],"replies":[{"embeddable":true,"href":"https:\/\/juevesdejazz.com\/index.php?rest_route=%2Fwp%2Fv2%2Fcomments&post=69"}],"version-history":[{"count":4,"href":"https:\/\/juevesdejazz.com\/index.php?rest_route=\/wp\/v2\/pages\/69\/revisions"}],"predecessor-version":[{"id":129,"href":"https:\/\/juevesdejazz.com\/index.php?rest_route=\/wp\/v2\/pages\/69\/revisions\/129"}],"wp:attachment":[{"href":"https:\/\/juevesdejazz.com\/index.php?rest_route=%2Fwp%2Fv2%2Fmedia&parent=69"}],"curies":[{"name":"wp","href":"https:\/\/api.w.org\/{rel}","templated":true}]}}