{"id":58,"date":"2024-11-27T14:21:26","date_gmt":"2024-11-27T13:21:26","guid":{"rendered":"http:\/\/juevesdejazz.com\/?page_id=58"},"modified":"2024-12-02T19:40:13","modified_gmt":"2024-12-02T18:40:13","slug":"jazz-made-in-austria-2","status":"publish","type":"page","link":"https:\/\/juevesdejazz.com\/?page_id=58","title":{"rendered":"Jazz made in Austria"},"content":{"rendered":"\n<figure class=\"wp-block-image size-full\"><img loading=\"lazy\" decoding=\"async\" width=\"842\" height=\"595\" src=\"http:\/\/juevesdejazz.com\/wp-content\/uploads\/2024\/11\/Logo-JMA_JazzMadeInAustria.jpg\" alt=\"\" class=\"wp-image-53\" srcset=\"https:\/\/juevesdejazz.com\/wp-content\/uploads\/2024\/11\/Logo-JMA_JazzMadeInAustria.jpg 842w, https:\/\/juevesdejazz.com\/wp-content\/uploads\/2024\/11\/Logo-JMA_JazzMadeInAustria-300x212.jpg 300w, https:\/\/juevesdejazz.com\/wp-content\/uploads\/2024\/11\/Logo-JMA_JazzMadeInAustria-768x543.jpg 768w\" sizes=\"auto, (max-width: 842px) 100vw, 842px\" \/><figcaption class=\"wp-element-caption\">Great Jazz from the local Jazz Scene in Austria<\/figcaption><\/figure>\n\n\n\n<p><strong>Jazz  made in  Austria<\/strong><br>A musical showcase of the jazz scene<\/p>\n\n\n\n<p><strong>Jazz Made in Austria<\/strong>, a radio show dedicated entirely to showcasing the jazz created and performed by composers or musicians active on the vibrant Austrian jazz scene.<\/p>\n\n\n\n<p><strong>Jazz Made in Austria<\/strong> primarily highlights the vibrant local jazz scenes in Vienna, Graz, and Linz, while also featuring music from Klagenfurt, Saalfelden, and Innsbruck.<\/p>\n\n\n\n<p><strong>Jazz Made in Austria <\/strong>on <a href=\"https:\/\/o94.at\/programm\/sendereihen\/jazz-made-in-austria\" data-type=\"link\" data-id=\"https:\/\/o94.at\/programm\/sendereihen\/jazz-made-in-austria\">Radio Orange 94.0<\/a> is the ultimate radio show for jazz lovers in Austria and around the world.<\/p>\n\n\n\n<p>Tune in and enjoy incredible jazz created and performed by both Austrian and international musicians living in Austria. From big band to experimental, free jazz to fusion, bebop to afrocuban, and everything in between\u2014this show has it all. Whether it&#8217;s cool, acid, post-bop, rock, punk, or latin, you&#8217;ll hear it here. At the end of the day, it\u2019s all JAZZ, and it\u2019s made in Austria!<\/p>\n\n\n\n<p><strong>Jazz Made in Austria <\/strong>is a program produced and hosted by Federico Garcia, a jazz enthusiast from Mexico. Federico presents a mix of captivating music and interviews (both live and recorded at the Radio Orange 94.0 studio) with talented musicians and vocalists who create mesmerizing jazz.<\/p>\n\n\n\n<p>Every fourth Thursday of the month<br>at 12.00\u2013 13.00<\/p>\n\n\n\n<p>on <a href=\"https:\/\/o94.at\/programm\/sendereihen\/jazz-made-in-austria\" data-type=\"link\" data-id=\"https:\/\/o94.at\/programm\/sendereihen\/jazz-made-in-austria\">Radio Orange 94.0<\/a><\/p>\n\n\n\n<p>directly from Vienna, Austria.<\/p>\n\n\n\n<p>Jazz Made in Austria\u2019s jingle:<\/p>\n\n\n\n<p>Music by Gregor Quendel  The Blue Danube, Op. 314 composed by Johann Strauss II Arranged for Solo Piano by Gregor Quendel<\/p>\n\n\n\n<details class=\"wp-block-details is-layout-flow wp-block-details-is-layout-flow\"><summary>Welcome to Jazz made in Austria!<\/summary>\n<figure class=\"wp-block-audio\"><audio controls src=\"http:\/\/juevesdejazz.com\/wp-content\/uploads\/2024\/11\/JINGL_Intro_.mp3\"><\/audio><\/figure>\n<\/details>\n\n\n\n<p><br>Jazz Made in Austria, eine Radiosendung, die sich ganz der Pr\u00e4sentation des Jazz widmet, der von Komponist:innen oder Musiker:innen geschaffen und aufgef\u00fchrt wird, die in der dynamischen Jazzszene im \u00d6sterreich aktiv sind.<\/p>\n\n\n\n<p>Jazz Made in Austria hebt vor allem die lebendigen lokalen Jazzszenen in Wien, Graz und Linz hervor, pr\u00e4sentiert aber auch Musik aus Klagenfurt, Saalfelden oder Innsbruck. Jazz Made in Austria auf <br><a href=\"https:\/\/o94.at\/programm\/sendereihen\/jazz-made-in-austria\" data-type=\"link\" data-id=\"https:\/\/o94.at\/programm\/sendereihen\/jazz-made-in-austria\">Radio Orange 94.0<\/a> ist die ultimative Radiosendung f\u00fcr Jazzliebhaber:innen in \u00d6sterreich und auf der ganzen Welt.<br><br>Schalt dich ein und lass dich von dem unglaublichen Jazz begeistern, der von \u00f6sterreichischen und internationalen Musiker:innen, die in \u00d6sterreich leben, kreiert und aufgef\u00fchrt wird.<\/p>\n\n\n\n<p>Von Big Band bis Experimental, von Free Jazz bis Fusion, von Bebop bis Afrocuban und alles dazwischen \u2013 diese Sendereihe hat alles. Ob Cool, Acid, Post-Bop, Rock, Punk oder Latin, hier wirst du es h\u00f6ren. Am Ende des Tages ist es alles JAZZ, und es ist made in Austria!<\/p>\n\n\n\n<p>Jazz Made in Austria ist ein Programm, das von Federico Garcia, einem Jazz-Enthusiasten aus Mexiko, produziert und moderiert wird. Federico pr\u00e4sentiert eine Mischung aus fesselnder Musik und Interviews (sowohl live als auch aufgezeichnet im Studio von <a href=\"https:\/\/o94.at\/programm\/sendereihen\/jazz-made-in-austria\" data-type=\"link\" data-id=\"https:\/\/o94.at\/programm\/sendereihen\/jazz-made-in-austria\">Radio Orange 94.0<\/a>) mit talentierten Musiker:innen und S\u00e4nger:innen, die faszinierenden Jazz kreieren.<\/p>\n\n\n\n<figure class=\"wp-block-image size-full\"><img loading=\"lazy\" decoding=\"async\" width=\"320\" height=\"240\" src=\"http:\/\/juevesdejazz.com\/wp-content\/uploads\/2024\/12\/logoJMA2_320px.jpg\" alt=\"\" class=\"wp-image-162\" srcset=\"https:\/\/juevesdejazz.com\/wp-content\/uploads\/2024\/12\/logoJMA2_320px.jpg 320w, https:\/\/juevesdejazz.com\/wp-content\/uploads\/2024\/12\/logoJMA2_320px-300x225.jpg 300w\" sizes=\"auto, (max-width: 320px) 100vw, 320px\" \/><\/figure>\n","protected":false},"excerpt":{"rendered":"<p>Jazz made in AustriaA musical showcase of the jazz scene Jazz Made in Austria, a radio show dedicated entirely to showcasing the jazz created and performed by composers or musicians active on the vibrant Austrian jazz scene. Jazz Made in Austria primarily highlights the vibrant local jazz scenes in Vienna, Graz, and Linz, while also [&hellip;]<\/p>\n","protected":false},"author":1,"featured_media":0,"parent":0,"menu_order":0,"comment_status":"closed","ping_status":"closed","template":"","meta":{"footnotes":""},"class_list":["post-58","page","type-page","status-publish","hentry"],"_links":{"self":[{"href":"https:\/\/juevesdejazz.com\/index.php?rest_route=\/wp\/v2\/pages\/58","targetHints":{"allow":["GET"]}}],"collection":[{"href":"https:\/\/juevesdejazz.com\/index.php?rest_route=\/wp\/v2\/pages"}],"about":[{"href":"https:\/\/juevesdejazz.com\/index.php?rest_route=\/wp\/v2\/types\/page"}],"author":[{"embeddable":true,"href":"https:\/\/juevesdejazz.com\/index.php?rest_route=\/wp\/v2\/users\/1"}],"replies":[{"embeddable":true,"href":"https:\/\/juevesdejazz.com\/index.php?rest_route=%2Fwp%2Fv2%2Fcomments&post=58"}],"version-history":[{"count":6,"href":"https:\/\/juevesdejazz.com\/index.php?rest_route=\/wp\/v2\/pages\/58\/revisions"}],"predecessor-version":[{"id":163,"href":"https:\/\/juevesdejazz.com\/index.php?rest_route=\/wp\/v2\/pages\/58\/revisions\/163"}],"wp:attachment":[{"href":"https:\/\/juevesdejazz.com\/index.php?rest_route=%2Fwp%2Fv2%2Fmedia&parent=58"}],"curies":[{"name":"wp","href":"https:\/\/api.w.org\/{rel}","templated":true}]}}