{"id":45,"date":"2024-11-27T13:55:45","date_gmt":"2024-11-27T12:55:45","guid":{"rendered":"http:\/\/juevesdejazz.com\/?page_id=45"},"modified":"2025-04-22T20:43:50","modified_gmt":"2025-04-22T18:43:50","slug":"programs","status":"publish","type":"page","link":"https:\/\/juevesdejazz.com\/?page_id=45","title":{"rendered":"Jazz made in Austria Monthly Shows"},"content":{"rendered":"\n<p><br><\/p>\n\n\n\n<p><br><br><\/p>\n\n\n\n<figure class=\"wp-block-image size-full\"><img loading=\"lazy\" decoding=\"async\" width=\"842\" height=\"595\" src=\"http:\/\/juevesdejazz.com\/wp-content\/uploads\/2024\/11\/Logo-JMA_JazzMadeInAustria.jpg\" alt=\"\" class=\"wp-image-53\" srcset=\"https:\/\/juevesdejazz.com\/wp-content\/uploads\/2024\/11\/Logo-JMA_JazzMadeInAustria.jpg 842w, https:\/\/juevesdejazz.com\/wp-content\/uploads\/2024\/11\/Logo-JMA_JazzMadeInAustria-300x212.jpg 300w, https:\/\/juevesdejazz.com\/wp-content\/uploads\/2024\/11\/Logo-JMA_JazzMadeInAustria-768x543.jpg 768w\" sizes=\"auto, (max-width: 842px) 100vw, 842px\" \/><figcaption class=\"wp-element-caption\">Great Jazz from the local Jazz Scene in Austria<\/figcaption><\/figure>\n\n\n\n<p>Welcome to Jazz made in Austria!<br>Jazz made in Austria broadcasts every fourth Thursday of the month <br>on <a href=\"https:\/\/o94.at\/programm\/sendereihen\/jazz-made-in-austria\" data-type=\"link\" data-id=\"https:\/\/o94.at\/programm\/sendereihen\/jazz-made-in-austria\"> Radio Orange 94.0 <\/a>at 12:00 CET<br>Directly from Vienna, Austria.<\/p>\n\n\n\n<details class=\"wp-block-details is-layout-flow wp-block-details-is-layout-flow\"><summary>Jazz made in Austria!<\/summary>\n<figure class=\"wp-block-audio\"><audio controls src=\"http:\/\/juevesdejazz.com\/wp-content\/uploads\/2024\/11\/JINGL_Intro_.mp3\"><\/audio><\/figure>\n<\/details>\n\n\n\n<p>Jazz Made in Austria\u2019s jingle:<br>\u00a9 Music by Gregor Quendel; The Blue Danube, Op. 314 composed by Johann Strauss II <br>Arranged for Solo Piano by Gregor Quendel www.gregorquendel.com www.classicals.de<br><strong>Lizenz:<\/strong> Attribution-NonCommercial 4.0 International CC BY-NC 4.0<br><strong>Inhaber in der Lizenz:<\/strong> g.quendel@icloud.com<\/p>\n\n\n\n<p><\/p>\n\n\n\n<p><\/p>\n\n\n\n<p>Listen to the <a href=\"https:\/\/cba.media\/ondemand?series_id=687439&amp;mode=compact\" data-type=\"link\" data-id=\"https:\/\/cba.media\/ondemand?series_id=687439&amp;mode=compact\">Podcasts on CBA<code> <\/code><\/a><code><br><br><br><\/code><br><br> Radio Shows 2024<\/p>\n\n\n\n<ul class=\"wp-block-list\">\n<li>Jazz Made in Austria 01 on November 28 2024<br>Max Nagl, HI5, Golnar Shahyar, Simsa F\u00fcnf, Jelena Popr\u017ean, Mahan Mirarab, Jelena Popr\u017ean, <br>Mahan Mirarab, Purple is the Color, Alpha Trianguli and Paula Barembuem &amp; Trio Infernal.<br><br><\/li>\n\n\n\n<li>Jazz Made in Austria 02 on December 26 2024<br>Verena Zeiner, Anna Anderluh, Eldis La Rosa &amp; Colores, Sketchbook, <br>slowklang, Niklouds, Lorenz Raab, Susanna Gardmayer and Chistoph Pepe Auer<br><br><br>Radio Shows 2025<br><br><\/li>\n\n\n\n<li>Jazz Made in Austria 03 on January 23 2025<br>Peter Rom, Veri &amp; Die Luxuscombo, Robert Unterk\u00f6fler, Quispel Quintet (Skorupa, Moore, Valcic, Landfermann and Vatcher), Nee (Clemens Salesny, Christoph Walder and Clemens Wenger), AHL6, Philip Yaeger, Leonhard Skorupa Ensemble feat. Maria Hofst\u00e4tter and the trio Rom, Schaerer, Eberle.<br><br><\/li>\n\n\n\n<li>Jazz Made in Austria 04 on February 27 2025<br>River (Robert Unterk\u00f6fler, Nina Feldgril, Erik Asatrian and Simon Springer) \/ Verena G\u00f6ltl, Antje Kohler and Harrriett Mu\u0308ller-Tyl with Martin Eberle, Bertl Mayer &amp; Ingrid Oberkanins \/ Gina Schwartz &amp; Angelo da Silva \/ Edi K\u00f6hldorfer with Bernhard Schimpelsberger, Dominik Fuss, Florian Fuss, Kaveri Sageder, Lukas B\u00f6ck, Mythili Anantharaman, Philipp Sageder, Stefan F\u00f6rst &amp; Uli Datle \/ JazzWekstatt Wien New Ensemble (Agnes Heginger, Sixtus Preiss, Daniel Riegler, Peter Rom, Clemens Salesny &amp; Bernd Satzinger) \/ Synesthetic Octect (Manu Mayr, Clemens Salesny, Vincent Pongracz, Lukas K\u00f6nig, Doris Nicoletti, Peter Rom, Alois Eberl &amp; Martin Eberle) \/ Fagner Wesley Trio (Fagner Wesley, Matheus Jardim &amp; Jojo Lackner) \/ Bernd Satzinger, Lukas K\u00f6nig, Clemens Wenger &amp; Angela Maria Reisinger.<br><\/li>\n\n\n\n<li>Jazz Made in Austria 05 on March 27 2025<br>Verena G\u00f6lt &amp; Herbert Berg with Willi Resetarits, Christian Wegscheider, Thomas Scherrer, Alex Meik and Philipp Kopmajer \/ JBBG Smal Gran Reserva (Heinrich Von Kalnein and Horst-Michael Schaffer with Karen Asatrian, Hanno Busch, Thomas Wilding and Tom Stabler) \/ Schmieds Puls (Mira Lu Kovacs, Walter Singer and Christian Grobauer) \/ Zw\u00f6lf nach Vier (Robert Unterk\u00f6fler, Robin Gadermaier and Valentin Duit) \/ Florian Supancic Octect (Florian Supancic, Alana Mcpherson, Karel Eriksson, Stefan Schinnerl, Hvoje Kralj , Jan Samson Krizanic, Fabian Supancic and Emiliano Sampaio) \/ Tres Caballeros (TobiasFaulhammer, Gregor Aufmeisser and Jakob Kammerer) \/ Hubert Br\u00fcndlmayer with Bastian Stein, Alex L\u00f6wenstein, Seb Zillner, Georg Schrattenholzer and Georg Buxhofer \/ Nikasteam (Nika Zach, Raphael Preuschl and Herbert Pirker) \/ Luchs (Florian Sighartner, Astrid Wiesinger and Beate Wiesinger)<br><\/li>\n\n\n\n<li>Jazz Made in Austria 06 on April 24 2025<br>David Six, Lukas K\u00f6nig, Beate Wiesinger &amp; Mario Rom \/ Clemens Sainitzer &amp; Cristian Reiner \/ Anna Anderluh, Anna Widauer, Lisa Hofmanninger , Nikolaus Holler, Robert Schr\u00f6ck, Werner Zangerle, Florian Sighartner, Simon Frick, Clemens Sainitzer, Lukas Leitner, Bernhard Hadriga, Philipp Kienberger, Judith Schwarz \/ Martin Eberle, Georg Schrattenholzer, Astrid Wiesinger, Leonhard Skorupa, Andi Tausch, Michael Tiefenbacher, Tobias Vedovelli &amp; Michael Prowaznik \/ Tobias Hoffmann, Florian Tr\u00fcbsbach, Patrick Dunst, Robert Unterk\u00f6fler, Martin Harms, Jonas Brinckmann, Maximilian Seibert, Sebastian Burneci, Florian Menzel, Gerhard Ornig, Jakob Helling, Simon Harrer, Robert Bachner, Daniel Holzleitner, Johannes Oppel, Vilkka Wahl, Viola Hammer, Ivar Roban Krizic &amp; Reinhold Schm\u00f6lzer \/ Karl Wilhelm Krbavac, Clemens Salesny, &amp; Niki Dolp \/ Oscar Antoli, Marko Ferlan, Rainer Maria Nero, Carlos Ronda &amp; Sakina Teyna.<br><\/li>\n\n\n\n<li>Jazz Made in Austria 07 on May 29 2025<br><\/li>\n\n\n\n<li>Jazz Made in Austria 08 on June 26 2025<br><\/li>\n\n\n\n<li>Jazz Made in Austria 09 on July 24 2025<br><\/li>\n\n\n\n<li>Jazz Made in Austria 10 on August 28 2025<br><\/li>\n\n\n\n<li>Jazz Made in Austria 11 on September 25 2025<br><\/li>\n\n\n\n<li>Jazz Made in Austria 12 on October 23 2025<br><\/li>\n\n\n\n<li>Jazz Made in Austria 13 on November 27 2025<br><\/li>\n\n\n\n<li>Jazz Made in Austria 14 on December 25 2025<br><\/li>\n\n\n\n<li>&#8230;<\/li>\n<\/ul>\n","protected":false},"excerpt":{"rendered":"<p>Welcome to Jazz made in Austria!Jazz made in Austria broadcasts every fourth Thursday of the month on Radio Orange 94.0 at 12:00 CETDirectly from Vienna, Austria. Jazz Made in Austria\u2019s jingle:\u00a9 Music by Gregor Quendel; The Blue Danube, Op. 314 composed by Johann Strauss II Arranged for Solo Piano by Gregor Quendel www.gregorquendel.com www.classicals.deLizenz: Attribution-NonCommercial [&hellip;]<\/p>\n","protected":false},"author":1,"featured_media":0,"parent":0,"menu_order":0,"comment_status":"closed","ping_status":"closed","template":"","meta":{"footnotes":""},"class_list":["post-45","page","type-page","status-publish","hentry"],"_links":{"self":[{"href":"https:\/\/juevesdejazz.com\/index.php?rest_route=\/wp\/v2\/pages\/45","targetHints":{"allow":["GET"]}}],"collection":[{"href":"https:\/\/juevesdejazz.com\/index.php?rest_route=\/wp\/v2\/pages"}],"about":[{"href":"https:\/\/juevesdejazz.com\/index.php?rest_route=\/wp\/v2\/types\/page"}],"author":[{"embeddable":true,"href":"https:\/\/juevesdejazz.com\/index.php?rest_route=\/wp\/v2\/users\/1"}],"replies":[{"embeddable":true,"href":"https:\/\/juevesdejazz.com\/index.php?rest_route=%2Fwp%2Fv2%2Fcomments&post=45"}],"version-history":[{"count":31,"href":"https:\/\/juevesdejazz.com\/index.php?rest_route=\/wp\/v2\/pages\/45\/revisions"}],"predecessor-version":[{"id":330,"href":"https:\/\/juevesdejazz.com\/index.php?rest_route=\/wp\/v2\/pages\/45\/revisions\/330"}],"wp:attachment":[{"href":"https:\/\/juevesdejazz.com\/index.php?rest_route=%2Fwp%2Fv2%2Fmedia&parent=45"}],"curies":[{"name":"wp","href":"https:\/\/api.w.org\/{rel}","templated":true}]}}